{"id":1476,"date":"2021-10-09T13:59:32","date_gmt":"2021-10-09T13:59:32","guid":{"rendered":"https:\/\/sdrefocus.com\/?page_id=1476"},"modified":"2026-02-10T17:11:04","modified_gmt":"2026-02-10T17:11:04","slug":"fr","status":"publish","type":"page","link":"https:\/\/sdrefocus.com\/index.php\/fr\/","title":{"rendered":"Fr"},"content":{"rendered":"\n<h6>\n\t\t\tValue-Driven Software Delivery\t<\/h6>\n<h2>\n\t\t\tLib\u00e9rez le potentiel de vos \u00e9quipes digitales\t<\/h2>\n\t<p><strong>Si vous \u00eates responsable produit, ing\u00e9nierie ou transformation et que vous \u00eates confront\u00e9(e) \u00e0 des d\u00e9lais de livraison trop longs, \u00e0 des silos organisationnels, \u00e0 des \u00e9quipes surcharg\u00e9es ou \u00e0 un impact non mesur\u00e9, nous pouvons vous aider \u00e0 identifier les goulots d&#8217;\u00e9tranglement, \u00e0 aligner les \u00e9quipes sur la valeur et \u00e0 apporter des am\u00e9liorations tangibles.<\/strong><\/p>\n<p><strong>SD ReFocus<\/strong> aide les leaders digitaux \u00e0 b\u00e2tir des \u00e9quipes hautement performantes afin de lib\u00e9rer tout leur potentiel, de d\u00e9livrer d&#8217;avantage de valeur client et d&#8217;\u00eatre en mesure de d\u00e9montrer leur impact business.<\/p>\n<h3>\n\t\t\tD\u00e9couvrez nos services\t<\/h3>\n\t<p>Nous fournissons des <strong><a href=\"https:\/\/sdrefocus.com\/index.php\/services-fr\/\" target=\"_blank\" rel=\"noopener\">services<\/a> ind\u00e9pendants de conseil et de formation<\/strong> bas\u00e9s sur plus de 30 ans d&#8217;exp\u00e9rience aupr\u00e8s d&#8217;entreprises de toutes tailles et secteurs divers.<\/p>\n<h5>\n\t\t\tServices VSM\t<\/h5>\n\t<p><a href=\"https:\/\/sdrefocus.com\/index.php\/services-vsm\/\" target=\"_blank\" rel=\"noopener\"><strong>Ateliers l\u00e9gers de Value Stream Mapping pour \u00e9quipes digitales<\/strong><\/a><\/p>\n<h5>\n\t\t\tServices DevOps\t<\/h5>\n\t<p><a href=\"https:\/\/sdrefocus.com\/index.php\/devops-services-fr\/\" target=\"_blank\" rel=\"noopener\"><strong>Conseil et coaching personnalis\u00e9s pour leaders et \u00e9quipes DevOps<\/strong><\/a><\/p>\n<h5>\n\t\t\tServices de Formation\t<\/h5>\n\t<p><a href=\"https:\/\/sdrefocus.com\/index.php\/services-formation\/\" target=\"_blank\" rel=\"noopener\"><strong>Ateliers pratiques et cours certifiant pour dirigeants, leaders et \u00e9quipes<\/strong><\/a><\/p>\n\t<p><strong>Nous recommandons des approches structur\u00e9es, mais sommes avant tout flexibles et d\u00e9sireux de d\u00e9finir avec vous des services adapt\u00e9s \u00e0 votre contexte et \u00e0 vos contraintes.<\/strong><\/p>\n\t<p><a href=\"https:\/\/calendly.com\/patrice_sdrefocus\/\" target=\"_blank\" rel=\"noopener\"><strong>R\u00e9servez un entretien d\u00e9couverte de 30 minutes<\/strong><\/a> pour savoir comment VSM ou DevOps peuvent vous aider \u00e0 relever vos d\u00e9fis et obtenir des recommandations concr\u00e8tes de prochaines \u00e9tapes.<\/p>\n<h3>\n\t\t\tNotre approche\t<\/h3>\n\t<p>D\u00e9couvrez l&#8217;<a href=\"https:\/\/sdrefocus.com\/index.php\/approche\/\" target=\"_blank\" rel=\"noopener\"><strong>approche<\/strong><\/a> que nous recommandons : <strong>centr\u00e9e sur l&#8217;humain, ax\u00e9e sur la valeur, syst\u00e9mique et adaptable.<\/strong> Inspir\u00e9e par la pens\u00e9e lean et syst\u00e9mique, elle nous permet d&#8217;identifier rapidement o\u00f9 recentrer nos initiatives de transformation et de stimuler une culture d&#8217;am\u00e9lioration continue.<\/p>\n<h5>\n\t\t\tValue Streams\t<\/h5>\n\t<p><a href=\"https:\/\/sdrefocus.com\/index.php\/approche-vsm\" target=\"_blank\" rel=\"noopener\"><strong>Apprendre \u00e0 voir, cartographier et g\u00e9rer des cha\u00eenes de valeur digitales<\/strong><\/a><\/p>\n<h5>\n\t\t\tInitiatives DevOps\t<\/h5>\n\t<p><a href=\"https:\/\/sdrefocus.com\/index.php\/devops-initiatives-fr\/\" target=\"_blank\" rel=\"noopener\"><strong>D\u00e9bloquer les facteurs cl\u00e9s de succ\u00e8s de\u00a0 vos initiatives DevOps<\/strong><\/a><\/p>\n<h5>\n\t\t\tValue-Driven\t<\/h5>\n\t<p><a href=\"https:\/\/sdrefocus.com\/index.php\/value-driven\/\" target=\"_blank\" rel=\"noopener\"><strong>Recentrer le d\u00e9veloppement logiciel sur la valeur<\/strong><\/a><\/p>\n\t<p>En tant que membre actif du <strong>Value Stream Management Consortium<\/strong> (aujourd&#8217;hui <strong><a href=\"https:\/\/www.flowtopia.io\/\" target=\"_blank\" rel=\"noopener\">Flowtopia<\/a><\/strong>) depuis quatre ans, nous nous engageons \u00e0 d\u00e9velopper nos communaut\u00e9s. Notre newsletter mensuelle <a href=\"https:\/\/sdrefocus.com\/index.php\/value-driven-news\/\" target=\"_blank\" rel=\"noopener\"><strong>Value-Driven News<\/strong><\/a> (d\u00e9sormais disponible sur <a href=\"https:\/\/www.linkedin.com\/newsletters\/7248671317887995904\/\" target=\"_blank\" rel=\"noopener\"><strong>LinkedIn<\/strong><\/a>) a \u00e9galement pour objectif de contribuer au partage de nos exp\u00e9riences.<\/p>\n<h3>\n\t\t\tCe que disent nos clients\t<\/h3>\n\t<blockquote><p>&#8220;<i>I met Patrice when he became a member of the Value Stream Management Consortium (VSMC).<\/i><\/p>\n<p><em>I asked Patrice to join the delivery team at the VSMC because he had shown himself to be an expert in value stream management and connected disciplines, an excellent writer (in English), and a proactive and enthusiastic contributor to the community.<\/em><\/p>\n<p><em>As Head of the Content Value Stream at the VSMC, Patrice has been able to coordinate and produce a wide variety of published blog posts on key topics and generate his own ideas on how to further VSM awareness globally, such as his popular weekly round-ups.<\/em><\/p>\n<p><em>He&#8217;s a pleasure to work with, conscientious and professional, proactive and detail-oriented.&#8221;<\/em><\/p><\/blockquote>\n<strong>Helen Beal<\/strong><br \/>\nCEO &amp; Chair, Value Stream Management Consortium\n\t<blockquote><p>&#8220;<i>J&#8217;ai eu le plaisir de travailler avec Patrice qui a aid\u00e9 notre\u00a0transformation agile et DevOps.<\/i><\/p>\n<p><em>Tr\u00e8s \u00e0 l&#8217;\u00e9coute du besoin du client,<b>\u00a0<\/b>il prend conscience du contexte et des contraintes dans lesquels<b>\u00a0<\/b><\/em><i>doivent s&#8217;inscrire sa mission.&#8221;<\/i><\/p><\/blockquote>\n<b>Florent Barth<\/b><b><br \/>\n<\/b>Responsable de d\u00e9partement IT\n<p><i>\u00a0<\/i><\/p>\n<blockquote><p>&#8220;<i>J&#8217;ai beaucoup appr\u00e9ci\u00e9 sa fa\u00e7on de m&#8217;accompagner dans un plan de transformation DevOps compliqu\u00e9.<\/i><\/p>\n<p><em>Il a su apporter une vision qui colle \u00e0 la dimension de notre Minist\u00e8re. Je recommande son approche et son expertise dans ce domaine.&#8221;<\/em><\/p><\/blockquote>\n<b>Olivier <\/b><b>Thi\u00e9baut<\/b><b><br \/>\n<\/b>Responsable de projet national DevOps\n\t<blockquote>&#8220;<i>Patrice est un formateur extraordinaire et un professionnel d&#8217;exp\u00e9rience. Un consultant avis\u00e9 que je recommande chaudement pour accompagner des \u00e9quipes vers la cr\u00e9ation de valeur collective.&#8221;<\/i><i><br \/>\n<\/i><\/blockquote>\n<b>Nicolas <\/b><b>Majcherczak<br \/>\n<\/b>Managing Partner (Ahead Technology)\n<p>&nbsp;<\/p>\n<blockquote><p><em>&#8220;Formation tr\u00e8s int\u00e9ressante aliment\u00e9e \u00e0 la fois de th\u00e9orie et de pratique.<\/em><\/p>\n<p><em>Cette formation permet de prendre de la hauteur, reste plus qu&#8217;\u00e0 r\u00e9ussir \u00e0 transposer dans nos organisations respectives. Bravo Patrice&#8221;<\/em><\/p><\/blockquote>\n<b>Hubert <\/b><b>Schallebaum<\/b><b><br \/>\n<\/b>Stagiaire formation \u00ab DevOps Foundation \u00bb\n\t<p>Cr\u00e9dit : Photo arri\u00e8re plan de Milad Fakurian sur Unsplash<\/p>\n\n","protected":false},"excerpt":{"rendered":"<p>Value-Driven Software Delivery Lib\u00e9rez le potentiel de vos \u00e9quipes digitales Si vous \u00eates responsable produit, ing\u00e9nierie ou transformation et que vous \u00eates confront\u00e9(e) \u00e0 des d\u00e9lais de livraison trop longs, \u00e0 des silos organisationnels, \u00e0 des \u00e9quipes surcharg\u00e9es ou \u00e0 un impact non mesur\u00e9, nous pouvons vous aider \u00e0 identifier les goulots d&#8217;\u00e9tranglement, \u00e0 aligner [&hellip;]<\/p>\n","protected":false},"author":1,"featured_media":0,"parent":0,"menu_order":0,"comment_status":"closed","ping_status":"closed","template":"","meta":{"om_disable_all_campaigns":false,"_monsterinsights_skip_tracking":false,"_monsterinsights_sitenote_active":false,"_monsterinsights_sitenote_note":"","_monsterinsights_sitenote_category":0,"site-sidebar-layout":"no-sidebar","site-content-layout":"page-builder","ast-site-content-layout":"full-width-container","site-content-style":"unboxed","site-sidebar-style":"unboxed","ast-global-header-display":"","ast-banner-title-visibility":"","ast-main-header-display":"","ast-hfb-above-header-display":"","ast-hfb-below-header-display":"","ast-hfb-mobile-header-display":"","site-post-title":"disabled","ast-breadcrumbs-content":"","ast-featured-img":"disabled","footer-sml-layout":"","theme-transparent-header-meta":"enabled","adv-header-id-meta":"","stick-header-meta":"","header-above-stick-meta":"","header-main-stick-meta":"","header-below-stick-meta":"","astra-migrate-meta-layouts":"set","ast-page-background-enabled":"default","ast-page-background-meta":{"desktop":{"background-color":"","background-image":"","background-repeat":"repeat","background-position":"center center","background-size":"auto","background-attachment":"scroll","background-type":"","background-media":"","overlay-type":"","overlay-color":"","overlay-gradient":""},"tablet":{"background-color":"","background-image":"","background-repeat":"repeat","background-position":"center center","background-size":"auto","background-attachment":"scroll","background-type":"","background-media":"","overlay-type":"","overlay-color":"","overlay-gradient":""},"mobile":{"background-color":"","background-image":"","background-repeat":"repeat","background-position":"center center","background-size":"auto","background-attachment":"scroll","background-type":"","background-media":"","overlay-type":"","overlay-color":"","overlay-gradient":""}},"ast-content-background-meta":{"desktop":{"background-color":"var(--ast-global-color-5)","background-image":"","background-repeat":"repeat","background-position":"center center","background-size":"auto","background-attachment":"scroll","background-type":"","background-media":"","overlay-type":"","overlay-color":"","overlay-gradient":""},"tablet":{"background-color":"var(--ast-global-color-5)","background-image":"","background-repeat":"repeat","background-position":"center center","background-size":"auto","background-attachment":"scroll","background-type":"","background-media":"","overlay-type":"","overlay-color":"","overlay-gradient":""},"mobile":{"background-color":"var(--ast-global-color-5)","background-image":"","background-repeat":"repeat","background-position":"center center","background-size":"auto","background-attachment":"scroll","background-type":"","background-media":"","overlay-type":"","overlay-color":"","overlay-gradient":""}},"footnotes":""},"class_list":["post-1476","page","type-page","status-publish","hentry"],"aioseo_notices":[],"jetpack_sharing_enabled":true,"_links":{"self":[{"href":"https:\/\/sdrefocus.com\/index.php\/wp-json\/wp\/v2\/pages\/1476","targetHints":{"allow":["GET"]}}],"collection":[{"href":"https:\/\/sdrefocus.com\/index.php\/wp-json\/wp\/v2\/pages"}],"about":[{"href":"https:\/\/sdrefocus.com\/index.php\/wp-json\/wp\/v2\/types\/page"}],"author":[{"embeddable":true,"href":"https:\/\/sdrefocus.com\/index.php\/wp-json\/wp\/v2\/users\/1"}],"replies":[{"embeddable":true,"href":"https:\/\/sdrefocus.com\/index.php\/wp-json\/wp\/v2\/comments?post=1476"}],"version-history":[{"count":11,"href":"https:\/\/sdrefocus.com\/index.php\/wp-json\/wp\/v2\/pages\/1476\/revisions"}],"predecessor-version":[{"id":3131,"href":"https:\/\/sdrefocus.com\/index.php\/wp-json\/wp\/v2\/pages\/1476\/revisions\/3131"}],"wp:attachment":[{"href":"https:\/\/sdrefocus.com\/index.php\/wp-json\/wp\/v2\/media?parent=1476"}],"curies":[{"name":"wp","href":"https:\/\/api.w.org\/{rel}","templated":true}]}}