{"id":1597,"date":"2021-12-01T12:09:25","date_gmt":"2021-12-01T12:09:25","guid":{"rendered":"https:\/\/sdrefocus.com\/?page_id=1597"},"modified":"2024-02-19T16:14:21","modified_gmt":"2024-02-19T16:14:21","slug":"value-stream-mapping-logiciels","status":"publish","type":"page","link":"https:\/\/sdrefocus.com\/index.php\/resources\/value-stream-mapping-logiciels\/","title":{"rendered":"Livre blanc &#8220;Value Stream Mapping pour les logiciels&#8221;"},"content":{"rendered":"\n<p><strong>Novembre 2021<\/strong> &#8211; Voici notre premier livre blanc introduisant la technique Lean Value Stream Mapping, analysant son utilisation actuelle pour le d\u00e9veloppement de logiciels, et proposant des am\u00e9liorations pour en b\u00e9n\u00e9ficier d&#8217;avantage pour la livraison de logiciels. <strong>Comprendre CE QUE C&#8217;EST, POURQUOI c&#8217;est important et COMMENT cela peut \u00eatre appliqu\u00e9.<\/strong><\/p>\n\n\n\n<p>Vous pouvez laisser un commentaire ci-dessous, ou nous envoyer vos remarques et questions \u00e0 <a href=\"mailto:pcorbard@sdrefocus.com\">pcorbard@sdrefocus.com<\/a>.<\/p>\n\n\n\n<div data-wp-interactive=\"core\/file\" class=\"wp-block-file\"><object data-wp-bind--hidden=\"!state.hasPdfPreview\" hidden class=\"wp-block-file__embed\" data=\"https:\/\/sdrefocus.com\/wp-content\/uploads\/2021\/11\/SD-ReFocus-Livre-Blanc-Value-Stream-Mapping-pour-logiciels.pdf\" type=\"application\/pdf\" style=\"width:100%;height:600px\" aria-label=\"Embed of SD ReFocus - Livre Blanc Value Stream Mapping pour logiciels.\"><\/object><a id=\"wp-block-file--media-d3bacd0e-38e4-44a9-b879-dd4b2c29f516\" href=\"https:\/\/sdrefocus.com\/wp-content\/uploads\/2021\/11\/SD-ReFocus-Livre-Blanc-Value-Stream-Mapping-pour-logiciels.pdf\">SD ReFocus &#8211; Livre Blanc Value Stream Mapping pour logiciels<\/a><a href=\"https:\/\/sdrefocus.com\/wp-content\/uploads\/2021\/11\/SD-ReFocus-Livre-Blanc-Value-Stream-Mapping-pour-logiciels.pdf\" class=\"wp-block-file__button wp-element-button\" download aria-describedby=\"wp-block-file--media-d3bacd0e-38e4-44a9-b879-dd4b2c29f516\">Download<\/a><\/div>\n\n\n\n<p>&#8211; <\/p>\n","protected":false},"excerpt":{"rendered":"<p>Novembre 2021 &#8211; Voici notre premier livre blanc introduisant la technique Lean Value Stream Mapping, analysant son utilisation actuelle pour le d\u00e9veloppement de logiciels, et proposant des am\u00e9liorations pour en b\u00e9n\u00e9ficier d&#8217;avantage pour la livraison de logiciels. Comprendre CE QUE C&#8217;EST, POURQUOI c&#8217;est important et COMMENT cela peut \u00eatre appliqu\u00e9. Vous pouvez laisser un commentaire [&hellip;]<\/p>\n","protected":false},"author":1,"featured_media":0,"parent":1134,"menu_order":0,"comment_status":"open","ping_status":"closed","template":"","meta":{"om_disable_all_campaigns":false,"_monsterinsights_skip_tracking":false,"_monsterinsights_sitenote_active":false,"_monsterinsights_sitenote_note":"","_monsterinsights_sitenote_category":0,"site-sidebar-layout":"default","site-content-layout":"","ast-site-content-layout":"default","site-content-style":"default","site-sidebar-style":"default","ast-global-header-display":"","ast-banner-title-visibility":"","ast-main-header-display":"","ast-hfb-above-header-display":"","ast-hfb-below-header-display":"","ast-hfb-mobile-header-display":"","site-post-title":"","ast-breadcrumbs-content":"","ast-featured-img":"","footer-sml-layout":"","theme-transparent-header-meta":"","adv-header-id-meta":"","stick-header-meta":"","header-above-stick-meta":"","header-main-stick-meta":"","header-below-stick-meta":"","astra-migrate-meta-layouts":"set","ast-page-background-enabled":"default","ast-page-background-meta":{"desktop":{"background-color":"","background-image":"","background-repeat":"repeat","background-position":"center center","background-size":"auto","background-attachment":"scroll","background-type":"","background-media":"","overlay-type":"","overlay-color":"","overlay-gradient":""},"tablet":{"background-color":"","background-image":"","background-repeat":"repeat","background-position":"center center","background-size":"auto","background-attachment":"scroll","background-type":"","background-media":"","overlay-type":"","overlay-color":"","overlay-gradient":""},"mobile":{"background-color":"","background-image":"","background-repeat":"repeat","background-position":"center center","background-size":"auto","background-attachment":"scroll","background-type":"","background-media":"","overlay-type":"","overlay-color":"","overlay-gradient":""}},"ast-content-background-meta":{"desktop":{"background-color":"var(--ast-global-color-5)","background-image":"","background-repeat":"repeat","background-position":"center center","background-size":"auto","background-attachment":"scroll","background-type":"","background-media":"","overlay-type":"","overlay-color":"","overlay-gradient":""},"tablet":{"background-color":"var(--ast-global-color-5)","background-image":"","background-repeat":"repeat","background-position":"center center","background-size":"auto","background-attachment":"scroll","background-type":"","background-media":"","overlay-type":"","overlay-color":"","overlay-gradient":""},"mobile":{"background-color":"var(--ast-global-color-5)","background-image":"","background-repeat":"repeat","background-position":"center center","background-size":"auto","background-attachment":"scroll","background-type":"","background-media":"","overlay-type":"","overlay-color":"","overlay-gradient":""}},"footnotes":""},"class_list":["post-1597","page","type-page","status-publish","hentry"],"aioseo_notices":[],"jetpack_sharing_enabled":true,"_links":{"self":[{"href":"https:\/\/sdrefocus.com\/index.php\/wp-json\/wp\/v2\/pages\/1597","targetHints":{"allow":["GET"]}}],"collection":[{"href":"https:\/\/sdrefocus.com\/index.php\/wp-json\/wp\/v2\/pages"}],"about":[{"href":"https:\/\/sdrefocus.com\/index.php\/wp-json\/wp\/v2\/types\/page"}],"author":[{"embeddable":true,"href":"https:\/\/sdrefocus.com\/index.php\/wp-json\/wp\/v2\/users\/1"}],"replies":[{"embeddable":true,"href":"https:\/\/sdrefocus.com\/index.php\/wp-json\/wp\/v2\/comments?post=1597"}],"version-history":[{"count":7,"href":"https:\/\/sdrefocus.com\/index.php\/wp-json\/wp\/v2\/pages\/1597\/revisions"}],"predecessor-version":[{"id":2145,"href":"https:\/\/sdrefocus.com\/index.php\/wp-json\/wp\/v2\/pages\/1597\/revisions\/2145"}],"up":[{"embeddable":true,"href":"https:\/\/sdrefocus.com\/index.php\/wp-json\/wp\/v2\/pages\/1134"}],"wp:attachment":[{"href":"https:\/\/sdrefocus.com\/index.php\/wp-json\/wp\/v2\/media?parent=1597"}],"curies":[{"name":"wp","href":"https:\/\/api.w.org\/{rel}","templated":true}]}}