{"id":2799,"date":"2026-01-13T09:53:07","date_gmt":"2026-01-13T09:53:07","guid":{"rendered":"https:\/\/sdrefocus.com\/?page_id=2799"},"modified":"2026-02-04T12:19:50","modified_gmt":"2026-02-04T12:19:50","slug":"services-formation","status":"publish","type":"page","link":"https:\/\/sdrefocus.com\/index.php\/services-formation\/","title":{"rendered":"Services de Formation"},"content":{"rendered":"\n<h2>\n\t\t\tS&#8217;appuyer sur des comp\u00e9tences solides\t<\/h2>\n<h3>\n\t\t\tCombiner l&#8217;apprentissage formel, exp\u00e9rientiel et social\t<\/h3>\n\t<p>La performance de nos organisations d\u00e9pend principalement des comp\u00e9tences humaines et des interactions au sein des \u00e9quipes. Nous consid\u00e9rons qu&#8217;il est essentiel de contribuer \u00e0 cet effort de d\u00e9veloppement des comp\u00e9tences, et nous le faisons en combinant apprentissage formel, exp\u00e9rientiel et social.<\/p>\n<figure itemscope itemtype=\"https:\/\/schema.org\/ImageObject\">\n\t\t\t\t<img decoding=\"async\" src=\"https:\/\/sdrefocus.com\/wp-content\/uploads\/2026\/01\/SD-ReFocus-Services-Formation.jpg\" alt=\"SD ReFocus - Services Formation\" height=\"503\" width=\"1576\" title=\"SD ReFocus - Services Formation\" onerror=\"this.style.display='none'\" loading=\"lazy\" \/>\n\t<\/figure>\n<h4>\n\t\t\tApprentissage formel avec des cours Agile, DevOps Foundation et DevOps Leader\t<\/h4>\n\t<p>En tant que partenaire d&#8217;<strong><a href=\"https:\/\/www.ahead-technology.com\/fr\" target=\"_blank\" rel=\"noopener\">Ahead Technology<\/a><\/strong>, nous sommes accr\u00e9dit\u00e9s pour dispenser les <strong>cours certifiant DevOps<\/strong> de <a href=\"https:\/\/www.peoplecert.org\/\" target=\"_blank\" rel=\"noopener\"><strong>PeopleCert<\/strong><\/a> (anciennement DevOps Institute) et les cours <strong>agile<\/strong> de <a href=\"http:\/\/scrum.org\" target=\"_blank\" rel=\"noopener\"><strong>scrum.org<\/strong><\/a>.\u00a0En janvier 2026, nous avons d\u00e9j\u00e0 form\u00e9 pr\u00e8s de 400 personnes \u00e0 DevOps et \u00e0 l&#8217;agilit\u00e9 depuis la cr\u00e9ation de SD ReFocus.<\/p>\n<p>Nous avons \u00e9galement organis\u00e9 et anim\u00e9 un <strong>webinaire en ligne sur la gestion de la cha\u00eene de valeur (VSM)<\/strong> pour le <strong>\u00ab Caf\u00e9 Agile en ligne \u00bb<\/strong>, qui peut \u00eatre visionn\u00e9 <a href=\"https:\/\/www.linkedin.com\/posts\/patricecorbard_vous-entendez-parler-de-cha%C3%AEne-de-valeur-activity-7241352065187233792-PFeT?utm_source=share&amp;utm_medium=member_desktop&amp;rcm=ACoAAACKWAYBOheFTjRmTTN8v68GJIlu3nLoCto\" target=\"_blank\" rel=\"noopener\"><strong>ici sur LinkedIn<\/strong><\/a>.<\/p>\n<p>D\u00e9claration d&#8217;activit\u00e9 enregistr\u00e9e sous le num\u00e9ro 11 92 28639 92 aupr\u00e8s du pr\u00e9fet de r\u00e9gion d&#8217;Ile-de-France<\/p>\n\t<blockquote><p>&#8220;<i>Patrice est un formateur extraordinaire et un professionnel d&#8217;exp\u00e9rience. Un consultant avis\u00e9 que je recommande chaudement pour accompagner des \u00e9quipes vers la cr\u00e9ation de valeur collective.&#8221;<\/i><\/p><\/blockquote>\n<b>Nicolas <\/b><b>Majcherczak<br \/>\n<\/b>Managing Partner, Ahead Technology\n\t<blockquote><em>&#8220;<\/em><em>Formation tr\u00e8s int\u00e9ressante aliment\u00e9e \u00e0 la fois de th\u00e9orie et de pratique.\u00a0<\/em><em>Cette formation permet de prendre de la hauteur, reste plus qu&#8217;\u00e0 r\u00e9ussir \u00e0 transposer dans nos organisations respectives. Bravo Patrice<\/em><em>&#8220;<\/em><i><br \/>\n<\/i><\/blockquote>\n<b>Hubert <\/b><b>Schallebaum<\/b><b><br \/>\n<\/b>&#8220;DevOps Foundation&#8221; course&#8217;s trainee\n<h4>\n\t\t\tApprentissage exp\u00e9rientiel avec des ateliers pratiques\t<\/h4>\n\t<p>L&#8217;apprentissage des th\u00e9ories fondamentales est essentiel, mais s&#8217;av\u00e8re plus efficace lorsqu&#8217;il est compl\u00e9t\u00e9 par l&#8217;apprentissage par l&#8217;exp\u00e9rience terrain.<\/p>\n<p>C&#8217;est ce que nous avons pu r\u00e9aliser en 2025, par exemple, en collaboration avec \u00a0<a href=\"https:\/\/www.linkedin.com\/in\/migueldiaseu\/\" target=\"_blank\" rel=\"noopener\"><strong>Miguel Dias<\/strong><\/a> lors d&#8217;<strong>ateliers pratiques de cartographie de la cha\u00eene de valeur<\/strong>, en pr\u00e9sentiel ou en ligne.<\/p>\n<figure itemscope itemtype=\"https:\/\/schema.org\/ImageObject\">\n\t\t\t\t<img decoding=\"async\" src=\"https:\/\/sdrefocus.com\/wp-content\/uploads\/2026\/01\/Photos-hands-on-VSM-Workshop-1-1024x643.jpg\" alt=\"Photos hands-on VSM Workshop\" height=\"643\" width=\"1024\" title=\"Photos hands-on VSM Workshop\" onerror=\"this.style.display='none'\" loading=\"lazy\" \/>\n\t<\/figure>\n<figure itemscope itemtype=\"https:\/\/schema.org\/ImageObject\">\n\t\t\t\t<img decoding=\"async\" src=\"https:\/\/sdrefocus.com\/wp-content\/uploads\/2026\/01\/Hands-on-VSM-Workshop-1-1024x809.jpg\" alt=\"Hands-on VSM Workshop\" height=\"809\" width=\"1024\" title=\"Hands-on VSM Workshop\" onerror=\"this.style.display='none'\" loading=\"lazy\" \/>\n\t<\/figure>\n<h4>\n\t\t\tApprentissage social avec coaching, mentorat et communaut\u00e9s de pratique\t<\/h4>\n\t<p>Apprendre des autres est \u00e9galement un levier important pour le d\u00e9veloppement des comp\u00e9tences. Nous pouvons int\u00e9grer des activit\u00e9s de <strong>coaching ou de mentorat<\/strong> dans nos services, et vous aider \u00e0 mettre en place des <strong>communaut\u00e9s de pratique<\/strong> en nous appuyant sur notre exp\u00e9rience dans ce domaine (une communaut\u00e9 de pratique DevOps dans notre cas).<\/p>\n<p>Notre exp\u00e9rience dans ce domaine est particuli\u00e8rement utile pour aider \u00e0 d\u00e9velopper la communaut\u00e9 <strong>VSM Consortium (aujourd&#8217;hui <a href=\"https:\/\/www.flowtopia.io\/\" target=\"_blank\" rel=\"noopener\">Flowtopia<\/a>)<\/strong> et pour partager nos connaissances et notre exp\u00e9rience \u00e0 travers notre <a href=\"https:\/\/sdrefocus.com\/index.php\/value-driven-news\/\" target=\"_blank\" rel=\"noopener\"><strong>newsletter mensuelle Value-Driven<\/strong><\/a>.<\/p>\n\t<blockquote>\n&#8220;A few years ago, I met Patrice through the Value Stream Management Consortium, and we&#8217;ve continued to collaborate since then &#8211; both directly and through the broader community at Flowtopia.io. <br \/>\nPatrice is a thoughtful, pragmatic Value Stream, Agile, and DevOps consultant who&#8217;s genuinely easy to work with: curious, grounded, and focused on what actually helps teams improve. I&#8217;ve also appreciated the way he shares practical insights through SDRefocus and his newsletter, and how consistently he shows up for the community. Highly recommend.&#8221;\n<\/blockquote>\n<a href=\"https:\/\/www.linkedin.com\/in\/philclark\"><strong>Phil Clark<\/strong> <\/a><br \/>\nVP Engineering, Global SaaS Scaling, Platform Modernization +Continuous Delivery, M&amp;A Integration, Responsible AI\n\n","protected":false},"excerpt":{"rendered":"<p>S&#8217;appuyer sur des comp\u00e9tences solides Combiner l&#8217;apprentissage formel, exp\u00e9rientiel et social La performance de nos organisations d\u00e9pend principalement des comp\u00e9tences humaines et des interactions au sein des \u00e9quipes. Nous consid\u00e9rons qu&#8217;il est essentiel de contribuer \u00e0 cet effort de d\u00e9veloppement des comp\u00e9tences, et nous le faisons en combinant apprentissage formel, exp\u00e9rientiel et social. Apprentissage formel [&hellip;]<\/p>\n","protected":false},"author":1,"featured_media":0,"parent":0,"menu_order":0,"comment_status":"closed","ping_status":"closed","template":"","meta":{"om_disable_all_campaigns":false,"_monsterinsights_skip_tracking":false,"_monsterinsights_sitenote_active":false,"_monsterinsights_sitenote_note":"","_monsterinsights_sitenote_category":0,"site-sidebar-layout":"no-sidebar","site-content-layout":"page-builder","ast-site-content-layout":"full-width-container","site-content-style":"unboxed","site-sidebar-style":"unboxed","ast-global-header-display":"","ast-banner-title-visibility":"","ast-main-header-display":"","ast-hfb-above-header-display":"","ast-hfb-below-header-display":"","ast-hfb-mobile-header-display":"","site-post-title":"disabled","ast-breadcrumbs-content":"","ast-featured-img":"disabled","footer-sml-layout":"","theme-transparent-header-meta":"enabled","adv-header-id-meta":"","stick-header-meta":"","header-above-stick-meta":"","header-main-stick-meta":"","header-below-stick-meta":"","astra-migrate-meta-layouts":"set","ast-page-background-enabled":"default","ast-page-background-meta":{"desktop":{"background-color":"","background-image":"","background-repeat":"repeat","background-position":"center center","background-size":"auto","background-attachment":"scroll","background-type":"","background-media":"","overlay-type":"","overlay-color":"","overlay-gradient":""},"tablet":{"background-color":"","background-image":"","background-repeat":"repeat","background-position":"center center","background-size":"auto","background-attachment":"scroll","background-type":"","background-media":"","overlay-type":"","overlay-color":"","overlay-gradient":""},"mobile":{"background-color":"","background-image":"","background-repeat":"repeat","background-position":"center center","background-size":"auto","background-attachment":"scroll","background-type":"","background-media":"","overlay-type":"","overlay-color":"","overlay-gradient":""}},"ast-content-background-meta":{"desktop":{"background-color":"var(--ast-global-color-5)","background-image":"","background-repeat":"repeat","background-position":"center center","background-size":"auto","background-attachment":"scroll","background-type":"","background-media":"","overlay-type":"","overlay-color":"","overlay-gradient":""},"tablet":{"background-color":"var(--ast-global-color-5)","background-image":"","background-repeat":"repeat","background-position":"center center","background-size":"auto","background-attachment":"scroll","background-type":"","background-media":"","overlay-type":"","overlay-color":"","overlay-gradient":""},"mobile":{"background-color":"var(--ast-global-color-5)","background-image":"","background-repeat":"repeat","background-position":"center center","background-size":"auto","background-attachment":"scroll","background-type":"","background-media":"","overlay-type":"","overlay-color":"","overlay-gradient":""}},"footnotes":""},"class_list":["post-2799","page","type-page","status-publish","hentry"],"aioseo_notices":[],"jetpack_sharing_enabled":true,"_links":{"self":[{"href":"https:\/\/sdrefocus.com\/index.php\/wp-json\/wp\/v2\/pages\/2799","targetHints":{"allow":["GET"]}}],"collection":[{"href":"https:\/\/sdrefocus.com\/index.php\/wp-json\/wp\/v2\/pages"}],"about":[{"href":"https:\/\/sdrefocus.com\/index.php\/wp-json\/wp\/v2\/types\/page"}],"author":[{"embeddable":true,"href":"https:\/\/sdrefocus.com\/index.php\/wp-json\/wp\/v2\/users\/1"}],"replies":[{"embeddable":true,"href":"https:\/\/sdrefocus.com\/index.php\/wp-json\/wp\/v2\/comments?post=2799"}],"version-history":[{"count":6,"href":"https:\/\/sdrefocus.com\/index.php\/wp-json\/wp\/v2\/pages\/2799\/revisions"}],"predecessor-version":[{"id":3122,"href":"https:\/\/sdrefocus.com\/index.php\/wp-json\/wp\/v2\/pages\/2799\/revisions\/3122"}],"wp:attachment":[{"href":"https:\/\/sdrefocus.com\/index.php\/wp-json\/wp\/v2\/media?parent=2799"}],"curies":[{"name":"wp","href":"https:\/\/api.w.org\/{rel}","templated":true}]}}