{"id":2805,"date":"2026-01-13T10:38:12","date_gmt":"2026-01-13T10:38:12","guid":{"rendered":"https:\/\/sdrefocus.com\/?page_id=2805"},"modified":"2026-02-23T17:10:02","modified_gmt":"2026-02-23T17:10:02","slug":"services-vsm","status":"publish","type":"page","link":"https:\/\/sdrefocus.com\/index.php\/services-vsm\/","title":{"rendered":"Services VSM"},"content":{"rendered":"\n<h2>\n\t\t\tAteliers l\u00e9gers de cartographie de cha\u00eene de valeur (VSM)\t<\/h2>\n<h3>\n\t\t\tCartographie de cha\u00eene de valeur pour les \u00e9quipes digitales\t<\/h3>\n\t<p><strong>Les leaders et \u00e9quipes digitales peuvent tirer parti d&#8217;ateliers VSM personnalis\u00e9s centr\u00e9s sur la valeur pour fournir plus rapidement des logiciels de haute qualit\u00e9 et augmenter la valeur pour leurs clients.<\/strong><\/p>\n<p>Notre <strong><a href=\"https:\/\/sdrefocus.com\/index.php\/approche-vsm\/\" target=\"_blank\" rel=\"noopener\">approche VSM<\/a> <\/strong>s&#8217;appuie sur les forces des pratiques Lean et notre expertise dans leur application au monde digital.<\/p>\n<p>Nos services s&#8217;appuient sur plus de 30 ans d&#8217;exp\u00e9rience dans le domaine du g\u00e9nie logiciel, sur l&#8217;application concr\u00e8te de ces techniques au sein d&#8217;\u00e9quipes de d\u00e9veloppement de produits digitaux et sur notre implication continue au sein du <strong>VSM Consortium<\/strong> (aujourd&#8217;hui <strong><a href=\"https:\/\/www.flowtopia.io\/\">Flowtopia<\/a><\/strong>) depuis plus de 4 ans.<\/p>\n\t<p>Pour garantir le succ\u00e8s de ces ateliers, notre exp\u00e9rience nous am\u00e8ne \u00e0 recommander quelques \u00e9tapes structur\u00e9es. Cependant, nous sommes avant tout flexibles et d\u00e9sireux de d\u00e9finir avec vous des prestations de services adapt\u00e9es \u00e0 votre contexte et \u00e0 vos contraintes.<\/p>\n<p>N&#8217;h\u00e9sitez pas \u00e0 <strong><a href=\"https:\/\/sdrefocus.com\/index.php\/contact\/\">nous contacter<\/a><\/strong>\u00a0pour une consultation gratuite afin d&#8217;\u00e9tudier l&#8217;opportunit\u00e9 d&#8217;utiliser ces pratiques au sein de votre organisation.<\/p>\n<h3>\n\t\t\tChanger la donne de votre d\u00e9veloppement de logiciels\t<\/h3>\n\t<p><strong>Les leaders et \u00e9quipes digitales doivent relever des d\u00e9fis toujours plus grands pour fournir plus rapidement des logiciels de haute qualit\u00e9 et r\u00e9pondre \u00e0 la pression de d\u00e9montrer leur impact business.<\/strong><\/p>\n<p><strong>La cartographie de la cha\u00eene de valeur peut vous aider si vous \u00eates confront\u00e9 \u00e0 ce type de situations :<\/strong><\/p>\n<ul>\n<li>Tout le monde est occup\u00e9, mais les retards s&#8217;accumulent et la valeur reste bloqu\u00e9e.<\/li>\n<li>Les outils contribuent \u00e0 am\u00e9liorer l&#8217;efficience, mais les plaintes des clients persistent sur la lenteur des livraisons ou sur la qualit\u00e9 des applications.<\/li>\n<li>Les r\u00e9unions de coordination remplissent les agendas, mais les \u00e9quipes ne travaillent bien souvent pas ensemble.<\/li>\n<li>Les objectifs strat\u00e9giques sont communiqu\u00e9s, mais sont d\u00e9connect\u00e9s du travail quotidien.<\/li>\n<li>Les responsabilit\u00e9s sont attribu\u00e9es, mais tout le monde se rejette la faute lorsque des probl\u00e8mes surviennent.<\/li>\n<li>Les leaders et les \u00e9quipes sont engag\u00e9s, mais frustr\u00e9s par les obstacles organisationnels.<\/li>\n<li>Des d\u00e9cisions cruciales doivent \u00eatre prises, mais elles ne peuvent pas \u00eatre fond\u00e9es sur des donn\u00e9es d\u00e9passant les suppositions.<\/li>\n<\/ul>\n<p><strong>En bref, les leaders et les \u00e9quipes digitales doivent avancer toujours plus vite dans des conditions de plus en plus floues. Les ateliers VSM vous aident \u00e0 prendre un bref recul pour dissiper le brouillard et mettre rapidement en \u0153uvre des am\u00e9liorations significatives.<\/strong><\/p>\n<p>Cette approche offre g\u00e9n\u00e9ralement des avantages imm\u00e9diats, d&#8217;autres dans les semaines qui suivent, et des impacts soutenables dans la dur\u00e9e :<\/p>\n<figure itemscope itemtype=\"https:\/\/schema.org\/ImageObject\">\n\t\t\t\t<img decoding=\"async\" src=\"https:\/\/sdrefocus.com\/wp-content\/uploads\/2026\/01\/Fig1-SD-ReFocus-Services-VSM-1.png\" alt=\"Fig1 SD ReFocus Services VSM\" height=\"444\" width=\"1576\" title=\"Fig1 SD ReFocus Services VSM\" onerror=\"this.style.display='none'\" loading=\"lazy\" \/>\n\t<\/figure>\n<h3>\n\t\t\tDes \u00e9tapes rapides \u00e9prouv\u00e9es pour r\u00e9ussir\t<\/h3>\n\t<p><strong>Nos ateliers VSM personnalis\u00e9s centr\u00e9s sur la valeur sont l\u00e9gers, rapides et reproductibles.<\/strong><\/p>\n<p>Les \u00e9tapes propos\u00e9es, centr\u00e9es sur la valeur, permettent un diagnostic rapide de la situation, suivi de l&#8217;\u00e9laboration et de la mise en \u0153uvre collectives d&#8217;un plan d&#8217;action :<\/p>\n<ol>\n<li><strong>D\u00e9finir la valeur attendue<\/strong><strong><br \/>\n<\/strong>Assurer que tout le monde s&#8217;accorde sur des crit\u00e8res clairs en mati\u00e8re de succ\u00e8s, de valeur et de r\u00e9sultats pour les clients.<\/li>\n<li><strong>Organiser des ateliers collaboratifs de cartographie de la cha\u00eene de valeur<\/strong><strong><br \/>\n<\/strong>Comprendre collectivement o\u00f9 le travail s&#8217;\u00e9coule (ou ne s&#8217;\u00e9coule pas) actuellement, identifier et analyser les principaux goulots d&#8217;\u00e9tranglement, et concevoir ensemble un \u00e9tat futur \u00e0 atteindre.<\/li>\n<li><strong>Mettre en oeuvre des actions d&#8217;am\u00e9lioration<\/strong><strong><br \/>\n<\/strong>Apporter des am\u00e9liorations pour \u00e9liminer les obstacles un par un, en v\u00e9rifiant leur impact.<\/li>\n<li><strong>Mesurer et am\u00e9liorer en continu<\/strong><strong><br \/>\n<\/strong>Revoir et am\u00e9liorer la cha\u00eene de valeur et ses performances, notamment gr\u00e2ce \u00e0 la reconduite r\u00e9guli\u00e8re d&#8217;ateliers l\u00e9gers de cartographie.<\/li>\n<\/ol>\n<figure itemscope itemtype=\"https:\/\/schema.org\/ImageObject\">\n\t\t\t\t<img decoding=\"async\" src=\"https:\/\/sdrefocus.com\/wp-content\/uploads\/2026\/01\/Fig2-SD-ReFocus-Services-VSM.png\" alt=\"Fig2 SD ReFocus Services VSM\" height=\"723\" width=\"1572\" title=\"Fig2 SD ReFocus Services VSM\" onerror=\"this.style.display='none'\" loading=\"lazy\" \/>\n\t<\/figure>\n\t<p><strong>Comme mentionn\u00e9 dans la description de notre <a href=\"https:\/\/sdrefocus.com\/index.php\/approche-vsm\/\" target=\"_blank\" rel=\"noopener\">approche VSM<\/a>, nos ateliers sont adapt\u00e9s aux sp\u00e9cificit\u00e9s de la livraison de logiciels.<\/strong> L&#8217;id\u00e9e est de s&#8217;appuyer \u00e0 la fois sur les principes fondamentaux du Lean et sur l&#8217;expertise en g\u00e9nie logiciel pour analyser rapidement la situation, identifier les principales contraintes et prendre des mesures qui feront bouger les choses et d\u00e9bloqueront le flux de valeur.<\/p>\n<h3>\n\t\t\tAu del\u00e0 des cartographies\t<\/h3>\n\t<p>Les \u00e9tapes de prestations que nous sugg\u00e9rons vont au-del\u00e0 de la production de cartographies et de recommandations pour d&#8217;\u00e9ventuelles mesures d&#8217;am\u00e9lioration :<\/p>\n<ul>\n<li>Ces ateliers g\u00e9n\u00e8rent une dynamique collective d&#8217;am\u00e9lioration, qui doit ensuite \u00eatre guid\u00e9e et soutenue afin de garantir la r\u00e9alisation des impacts escompt\u00e9s.<\/li>\n<li>Nous encourageons \u00e9galement l&#8217;apprentissage par la pratique et apportons notre soutien sous forme de mentorat ou de formation afin que les \u00e9quipes digitales puissent s&#8217;approprier ces techniques et devenir progressivement capables de les utiliser de mani\u00e8re autonome.<\/li>\n<\/ul>\n<h3>\n\t\t\tR\u00e9f\u00e9rences\t<\/h3>\n\t<p>&#8220;<em>I met Patrice when he became a member of the Value Stream Management Consortium (VSMC).<\/em><\/p>\n<p><em>I asked Patrice to join the delivery team at the VSMC because he had shown himself to be an expert in value stream management and connected disciplines, an excellent writer (in English), and a proactive and enthusiastic contributor to the community.<\/em><\/p>\n<p><em>As Head of the Content Value Stream at the VSMC, Patrice has been able to coordinate and produce a wide variety of published blog posts on key topics and generate his own ideas on how to further VSM awareness globally, such as his popular weekly round-ups.<\/em><\/p>\n<p><em>He&#8217;s a pleasure to work with, conscientious and professional, proactive and detail-oriented.&#8221;<\/em><\/p>\n<strong>Helen Beal<br \/>\nCEO &amp; Chair<\/strong><br \/>\nValue Stream Management Consortium (now <strong><a href=\"https:\/\/www.flowtopia.io\/\">Flowtopia<\/a><\/strong>)\n<h4>\n\t\t\tSi vos \u00e9quipes digitales ne tirent pas encore parti des ateliers VSM, donnez-leur une chance !\t<\/h4>\n\t<p>Gardez l&#8217;esprit ouvert, essayez-les, vous ne serez pas d\u00e9\u00e7u ! Leaders digitaux, c&#8217;est le moment pour vous de saisir l&#8217;occasion d&#8217;exp\u00e9rimenter sur un premier cas. Apprenez rapidement de cette premi\u00e8re exp\u00e9rience qu&#8217;ils sont relativement faciles, rapides et rentables.<\/p>\n<p>N&#8217;h\u00e9sitez pas \u00e0 <strong><a href=\"https:\/\/sdrefocus.com\/index.php\/contact\/\">nous contacter<\/a><\/strong>\u00a0pour une consultation gratuite afin d&#8217;\u00e9tudier l&#8217;opportunit\u00e9 d&#8217;utiliser ces pratiques au sein de votre organisation.<\/p>\n<h3>\n\t\t\tFAQ\t<\/h3>\n\t<p><strong><img decoding=\"async\" role=\"img\" draggable=\"false\" src=\"https:\/\/s.w.org\/images\/core\/emoji\/17.0.2\/svg\/1f513.svg\" alt=\"\ud83d\udd13\" \/><\/strong><strong>\u00a0<\/strong> <strong>La cartographie de la cha\u00eene de valeur est-elle difficile ?<\/strong> Ce n&#8217;est pas sorcier, mais il ne s&#8217;agit pas non plus seulement d&#8217;organiser une r\u00e9union. Vous devez acqu\u00e9rir des comp\u00e9tences et des techniques sp\u00e9cifiques et les adapter \u00e0 votre contexte. Il est important de trouver le bon \u00e9quilibre, afin de ne pas trop simplifier ou trop compliquer les choses. L&#8217;objectif principal doit rester de trouver des moyens pratiques d&#8217;aider l&#8217;\u00e9quipe digitale \u00e0 surmonter ses challenges.<\/p>\n<p><strong><img decoding=\"async\" role=\"img\" draggable=\"false\" src=\"https:\/\/s.w.org\/images\/core\/emoji\/17.0.2\/svg\/23f3.svg\" alt=\"\u23f3\" \/><\/strong><strong>\u00a0Est-ce chronophage ?<\/strong> Alors que les ateliers traditionnels de cartographie de la cha\u00eene de valeur peuvent durer plusieurs jours, les ateliers digitaux peuvent \u00eatre men\u00e9s sous forme de courtes sessions collaboratives ne durant que quelques heures au total. L&#8217;investissement en temps ne se limite pas au temps pass\u00e9 ensemble dans les ateliers, mais les inefficacit\u00e9s identifi\u00e9es conduisent g\u00e9n\u00e9ralement \u00e0 un retour sur investissement nettement plus \u00e9lev\u00e9.<\/p>\n<p>Nos ateliers l\u00e9gers peuvent notamment s&#8217;appuyer sur les techniques et cinq maps pr\u00e9conis\u00e9es par <a href=\"https:\/\/flowengineering.org\/\" target=\"_blank\" rel=\"noopener\"><strong>Flow Engineering<\/strong><\/a> :<\/p>\n<figure itemscope itemtype=\"https:\/\/schema.org\/ImageObject\">\n\t\t\t\t<img decoding=\"async\" src=\"https:\/\/sdrefocus.com\/wp-content\/uploads\/2026\/02\/SD-ReFocus-Lightweight-VSM-with-Flow-Engineering-1024x386.jpg\" alt=\"SD ReFocus - Lightweight VSM with Flow Engineering\" height=\"386\" width=\"1024\" title=\"SD ReFocus - Lightweight VSM with Flow Engineering\" onerror=\"this.style.display='none'\" loading=\"lazy\" \/>\n\t<\/figure>\n\t<strong><img decoding=\"async\" role=\"img\" draggable=\"false\" src=\"https:\/\/s.w.org\/images\/core\/emoji\/17.0.2\/svg\/1f4b8.svg\" alt=\"\ud83d\udcb8\" \/><\/strong><strong>\u00a0Est-ce cher ?<\/strong> Comme toute d\u00e9pense, nous pr\u00e9f\u00e9rerions bien s\u00fbr l&#8217;\u00e9viter, surtout dans le contexte financier actuel. La d\u00e9cision n\u00e9cessite d&#8217;abord de la comparer au co\u00fbt du maintien du statu quo. Devons-nous rester dans la m\u00eame situation ou devons-nous essayer de trouver une \u00e9tincelle pour cr\u00e9er ou relancer une dynamique de progr\u00e8s ?<br \/>\nPour \u00e9viter de d\u00e9penser tout votre budget, vous n&#8217;avez pas besoin de faire appel aux cabinets de conseil les plus chers du march\u00e9. Nos tarifs raisonnables s&#8217;accompagnent d&#8217;une double mission : mener ces ateliers avec vous et vous aider \u00e0 d\u00e9velopper progressivement vos comp\u00e9tences afin que vous puissiez rapidement devenir autonome.\n<p><strong><img decoding=\"async\" role=\"img\" draggable=\"false\" src=\"https:\/\/s.w.org\/images\/core\/emoji\/17.0.2\/svg\/1fa84.svg\" alt=\"\ud83e\ude84\" \/>\u00a0Est-ce magique ?<\/strong> Ne vous attendez pas \u00e0 une solution miracle qui r\u00e9soudra tous vos probl\u00e8mes instantan\u00e9ment. La cartographie de la cha\u00eene de valeur n&#8217;est pas une solution miracle, mais plut\u00f4t une pratique \u00e0 combiner avec d&#8217;autres pour vous aider \u00e0 rendre les probl\u00e8mes visibles, \u00e0 vous aligner sur les objectifs prioritaires et \u00e0 cr\u00e9er ou revitaliser une dynamique d&#8217;\u00e9quipe pluri-disciplinaire.<\/p>\n<h3>\n\t\t\tLiens\t<\/h3>\n\t<ul>\n<li>Notre <strong><a href=\"https:\/\/sdrefocus.com\/index.php\/approche-vsm\/\" target=\"_blank\" rel=\"noopener\">approche VSM<\/a><\/strong><strong> et <\/strong><strong><a href=\"https:\/\/sdrefocus.com\/index.php\/value-driven\/\" target=\"_blank\" rel=\"noopener\">Value-Driven<\/a><\/strong><strong>.<\/strong><\/li>\n<li><a href=\"https:\/\/sdrefocus.com\/index.php\/vsm-platforms\/\" target=\"_blank\" rel=\"noopener\"><strong>See Platforms as Value Streams<\/strong><\/a><\/li>\n<li><strong>Livre blanc <\/strong><strong><a href=\"https:\/\/sdrefocus.com\/index.php\/resources\/value-stream-mapping-logiciels\/\" target=\"_blank\" rel=\"noopener\">Value Stream Mapping pour les logiciels<\/a><\/strong><strong>\u00a0(2021)<\/strong><\/li>\n<li><strong>Articles et contributions \u00e9crits pour le blog du VSM Consortium <\/strong><strong>\u00e0 retrouver depuis notre page de <a href=\"https:\/\/sdrefocus.com\/index.php\/resources\/\" target=\"_blank\" rel=\"noopener\">Ressources<\/a><\/strong><\/li>\n<li><strong><a href=\"https:\/\/sdrefocus.com\/index.php\/value-driven-news\/\" target=\"_blank\" rel=\"noopener\">Value-Driven News<\/a><\/strong><strong>:<\/strong> A look at the latest advances in Value Stream Management to deliver greater value and streamline your workflows. <strong>LinkedIn newsletter\u00a0<\/strong><strong><a href=\"https:\/\/www.linkedin.com\/newsletters\/7248671317887995904\/\" target=\"_blank\" rel=\"noopener\">here.<\/a><\/strong><\/li>\n<li><strong>Lien pour <a href=\"https:\/\/www.flowtopia.io\/checkout\/flow-pro-membership?affiliate_code=f836d3\" target=\"_blank\" rel=\"noopener\">rejoindre notre communaut\u00e9\u00a0 Flowtopia<\/a><\/strong><\/li>\n<\/ul>\n\n","protected":false},"excerpt":{"rendered":"<p>Ateliers l\u00e9gers de cartographie de cha\u00eene de valeur (VSM) Cartographie de cha\u00eene de valeur pour les \u00e9quipes digitales Les leaders et \u00e9quipes digitales peuvent tirer parti d&#8217;ateliers VSM personnalis\u00e9s centr\u00e9s sur la valeur pour fournir plus rapidement des logiciels de haute qualit\u00e9 et augmenter la valeur pour leurs clients. Notre approche VSM s&#8217;appuie sur les [&hellip;]<\/p>\n","protected":false},"author":1,"featured_media":0,"parent":0,"menu_order":0,"comment_status":"closed","ping_status":"closed","template":"","meta":{"om_disable_all_campaigns":false,"_monsterinsights_skip_tracking":false,"_monsterinsights_sitenote_active":false,"_monsterinsights_sitenote_note":"","_monsterinsights_sitenote_category":0,"site-sidebar-layout":"no-sidebar","site-content-layout":"page-builder","ast-site-content-layout":"full-width-container","site-content-style":"unboxed","site-sidebar-style":"unboxed","ast-global-header-display":"","ast-banner-title-visibility":"","ast-main-header-display":"","ast-hfb-above-header-display":"","ast-hfb-below-header-display":"","ast-hfb-mobile-header-display":"","site-post-title":"disabled","ast-breadcrumbs-content":"","ast-featured-img":"disabled","footer-sml-layout":"","theme-transparent-header-meta":"enabled","adv-header-id-meta":"","stick-header-meta":"","header-above-stick-meta":"","header-main-stick-meta":"","header-below-stick-meta":"","astra-migrate-meta-layouts":"set","ast-page-background-enabled":"default","ast-page-background-meta":{"desktop":{"background-color":"","background-image":"","background-repeat":"repeat","background-position":"center center","background-size":"auto","background-attachment":"scroll","background-type":"","background-media":"","overlay-type":"","overlay-color":"","overlay-gradient":""},"tablet":{"background-color":"","background-image":"","background-repeat":"repeat","background-position":"center center","background-size":"auto","background-attachment":"scroll","background-type":"","background-media":"","overlay-type":"","overlay-color":"","overlay-gradient":""},"mobile":{"background-color":"","background-image":"","background-repeat":"repeat","background-position":"center center","background-size":"auto","background-attachment":"scroll","background-type":"","background-media":"","overlay-type":"","overlay-color":"","overlay-gradient":""}},"ast-content-background-meta":{"desktop":{"background-color":"var(--ast-global-color-5)","background-image":"","background-repeat":"repeat","background-position":"center center","background-size":"auto","background-attachment":"scroll","background-type":"","background-media":"","overlay-type":"","overlay-color":"","overlay-gradient":""},"tablet":{"background-color":"var(--ast-global-color-5)","background-image":"","background-repeat":"repeat","background-position":"center center","background-size":"auto","background-attachment":"scroll","background-type":"","background-media":"","overlay-type":"","overlay-color":"","overlay-gradient":""},"mobile":{"background-color":"var(--ast-global-color-5)","background-image":"","background-repeat":"repeat","background-position":"center center","background-size":"auto","background-attachment":"scroll","background-type":"","background-media":"","overlay-type":"","overlay-color":"","overlay-gradient":""}},"footnotes":""},"class_list":["post-2805","page","type-page","status-publish","hentry"],"aioseo_notices":[],"jetpack_sharing_enabled":true,"_links":{"self":[{"href":"https:\/\/sdrefocus.com\/index.php\/wp-json\/wp\/v2\/pages\/2805","targetHints":{"allow":["GET"]}}],"collection":[{"href":"https:\/\/sdrefocus.com\/index.php\/wp-json\/wp\/v2\/pages"}],"about":[{"href":"https:\/\/sdrefocus.com\/index.php\/wp-json\/wp\/v2\/types\/page"}],"author":[{"embeddable":true,"href":"https:\/\/sdrefocus.com\/index.php\/wp-json\/wp\/v2\/users\/1"}],"replies":[{"embeddable":true,"href":"https:\/\/sdrefocus.com\/index.php\/wp-json\/wp\/v2\/comments?post=2805"}],"version-history":[{"count":11,"href":"https:\/\/sdrefocus.com\/index.php\/wp-json\/wp\/v2\/pages\/2805\/revisions"}],"predecessor-version":[{"id":3136,"href":"https:\/\/sdrefocus.com\/index.php\/wp-json\/wp\/v2\/pages\/2805\/revisions\/3136"}],"wp:attachment":[{"href":"https:\/\/sdrefocus.com\/index.php\/wp-json\/wp\/v2\/media?parent=2805"}],"curies":[{"name":"wp","href":"https:\/\/api.w.org\/{rel}","templated":true}]}}