{"id":3053,"date":"2026-01-22T14:54:04","date_gmt":"2026-01-22T14:54:04","guid":{"rendered":"https:\/\/sdrefocus.com\/?page_id=3053"},"modified":"2026-01-23T17:24:55","modified_gmt":"2026-01-23T17:24:55","slug":"devops-services-fr","status":"publish","type":"page","link":"https:\/\/sdrefocus.com\/index.php\/devops-services-fr\/","title":{"rendered":"Services DevOps"},"content":{"rendered":"\n<h2>\n\t\t\tConseil et coaching DevOps personnalis\u00e9s\t<\/h2>\n<h3>\n\t\t\tConseil pour leaders et \u00e9quipes DevOps\t<\/h3>\n\t<blockquote><strong>Imagine a World Where Dev and Ops Become DevOps<\/strong><br \/>\n&#8220;Imagine a world where product owners, Development, QA, IT Operations, and Infosec work together, not only to help each other, but also to ensure that the overall organization succeeds. By working toward a common goal, they enable the fast flow of planned work into production (e.g., performing tens, hundreds, or even thousands of code deploys per day), while achieving world-class stability, reliability, availability, and security.&#8221;<br \/>\n&#8211; <strong>The DevOps Handbook, 2nd Edition by Gene Kim, Jez Humble, Patrick Debois &amp; John Willis<\/strong><\/blockquote>\n\t<p>Les <strong>responsables du digital et DevOps<\/strong> peuvent mener des initiatives DevOps afin de constituer des \u00e9quipes hautement performantes et d\u00e9montrer leur impact sur les r\u00e9sultats.<\/p>\n<p>Notre <a href=\"https:\/\/sdrefocus.com\/index.php\/devops-initiatives-fr\/\" target=\"_blank\" rel=\"noopener\"><strong>approche DevOps<\/strong><\/a> s&#8217;appuie sur une exp\u00e9rience terrain acquise au sein d&#8217;une \u00e9diteur de logiciels, ainsi que sur des missions de conseil et d&#8217;accompagnement d&#8217;initiatives de transformation pour des clients de tailles et de secteurs vari\u00e9s depuis l&#8217;\u00e9mergence du mouvement <strong>DevOps<\/strong> il y a quinze ans.<\/p>\n\t<p>Pour garantir le succ\u00e8s de ces missions, notre exp\u00e9rience nous am\u00e8ne \u00e0 recommander quelques \u00e9tapes structur\u00e9es. Cependant, nous sommes flexibles et d\u00e9sireux de d\u00e9finir avec vous des missions de services adapt\u00e9es \u00e0 votre contexte et \u00e0 vos contraintes.<\/p>\n<p>N&#8217;h\u00e9sitez pas \u00e0\u00a0<strong><a href=\"https:\/\/sdrefocus.com\/index.php\/contact\/\">nous contacter<\/a><\/strong> pour une consultation gratuite afin de discuter de la mani\u00e8re dont nous pouvons vous aider \u00e0 tirer parti de ce type d&#8217;initiatives au sein de votre organisation.<\/p>\n<h3>\n\t\t\tDes \u00e9l\u00e9ments essentiels pour votre transformation digitale\t<\/h3>\n\t<p><strong>Les responsables et les \u00e9quipes digitales subissent une pression croissante pour offrir davantage de valeur, plus rapidement, avec des niveaux de qualit\u00e9, de s\u00e9curit\u00e9 et de fiabilit\u00e9 accrus.<\/strong><\/p>\n<p>Les pratiques et les organisations traditionnelles ne sont plus en mesure de r\u00e9pondre aux d\u00e9fis et aux incertitudes actuels. Il faut casser les <strong>silos<\/strong> \u00e0 tous les niveaux (organisationnel, travail, information, outils, objectifs et incitations, culturel, etc.) afin de <strong>fluidifier le flux de valeur \u00e0 la vitesse souhait\u00e9e de d\u00e9veloppement et de stabilit\u00e9 en production.<\/strong><\/p>\n<p>Les \u00e9quipes qui ma\u00eetrisent ces <strong>principes, pratiques et technologies DevOps<\/strong> sont en mesure d&#8217;offrir une meilleure valeur ajout\u00e9e \u00e0 leurs clients, plus rapidement et \u00e0 un rythme soutenable. En d&#8217;autres termes, ces <strong>\u00e9quipes hautement performantes<\/strong> sont capables de respecter le premier principe du <a href=\"https:\/\/agilemanifesto.org\/\" target=\"_blank\" rel=\"noopener\"><strong>Manifeste Agile<\/strong><\/a> !<\/p>\n<p>Les initiatives DevOps peuvent procurer toute une s\u00e9rie de b\u00e9n\u00e9fices, allant de l&#8217;excellence op\u00e9rationnelle, la rapidit\u00e9 et la qualit\u00e9 des logiciels fournis, \u00e0 l&#8217;exp\u00e9rience et aux r\u00e9sultats pour les clients, la satisfaction des \u00e9quipes et une comp\u00e9titivit\u00e9 accrue.<\/p>\n\t\t\t\t<img decoding=\"async\" src=\"https:\/\/sdrefocus.com\/wp-content\/uploads\/2026\/01\/SD-ReFocus-Benefices-DevOps.png\" alt=\"SD ReFocus - Benefices DevOps\" itemprop=\"image\" height=\"689\" width=\"1576\" title=\"SD ReFocus - Benefices DevOps\" onerror=\"this.style.display='none'\" loading=\"lazy\" \/>\n<h3>\n\t\t\tDe petites \u00e9tapes \u00e9prouv\u00e9es vers le succ\u00e8s\t<\/h3>\n\t<p>Nos <strong>services personnalis\u00e9s de conseil et d&#8217;accompagnement DevOps<\/strong> reposent sur des \u00e9tapes progressives plut\u00f4t que sur des transformations big-bang, souvent vou\u00e9es \u00e0 l&#8217;\u00e9chec.<\/p>\n<p>Les \u00e9tapes propos\u00e9es, ax\u00e9es sur la valeur, aident les <strong>leaders DevOps<\/strong> \u00e0 surmonter les difficult\u00e9s fr\u00e9quentes qui compromettent le succ\u00e8s de leurs initiatives :<\/p>\n<ol>\n<li><strong>Clarifier la vision strat\u00e9gique de l&#8217;initiative (sa finalit\u00e9).<\/strong><br \/>\nVeiller \u00e0 ce que tout le monde comprenne et partage les objectifs vis\u00e9s et leur contribution mesurable \u00e0 la strat\u00e9gie de l&#8217;entreprise ou du produit. Cela n\u00e9cessite une compr\u00e9hension \u00e0 tous les niveaux de ce qu&#8217;est une approche DevOps, comment elle peut \u00eatre appliqu\u00e9e dans votre contexte particulier et comment elle s&#8217;articule avec d&#8217;autres initiatives de changement (agile, SRE, ITIL, VSM, etc.).<\/li>\n<li><strong>Comprendre rapidement la situation actuelle.<br \/>\n<\/strong>Travailler avec les leaders et les \u00e9quipes pour \u00e9valuer de mani\u00e8re holistique les m\u00e9thodes de travail actuelles dans leurs <a href=\"https:\/\/sdrefocus.com\/index.php\/devops-initiatives-fr\/\" target=\"_blank\" rel=\"noopener\"><strong>diff\u00e9rentes dimensions<\/strong><\/a> (organisation et r\u00f4les, SDLC et pratiques, outils et technologies, culture et leadership, comp\u00e9tences, indicateurs et performances).<br \/>\nEn particulier, les <a href=\"https:\/\/sdrefocus.com\/index.php\/services-vsm\/\" target=\"_blank\" rel=\"noopener\"><strong>ateliers de cartographie de la cha\u00eene de valeur<\/strong><\/a> peuvent aider \u00e0 focaliser l&#8217;analyse sur l&#8217;identification des principaux goulots d&#8217;\u00e9tranglement de l&#8217;organisation et la mesure de la base de r\u00e9f\u00e9rence des performances sans se perdre dans trop de d\u00e9tails.<\/li>\n<li><strong>D\u00e9finir un \u00e9tat cible futur \u00e0 atteindre, par exemple dans deux \u00e0 trois mois.<br \/>\n<\/strong>S&#8217;appuyer sur une approche collaborative impliquant les diff\u00e9rentes parties prenantes pour d\u00e9finir des objectifs interm\u00e9diaires et prendre en charge la r\u00e9solution \u00e9tape par \u00e9tape des principaux obstacles.<br \/>\nS&#8217;inspirer des le\u00e7ons apprises sur le terrain afin de ne pas r\u00e9inventer la roue, tout en veillant \u00e0 adapter cette expertise \u00e0 ce qui compte vraiment dans votre contexte.<\/li>\n<li><strong>Mettre en oeuvre des am\u00e9liorations <\/strong>pour \u00e9liminer les obstacles un par un et mesurer leur impact.<br \/>\nInstaurer des am\u00e9liorations par le biais d&#8217;exp\u00e9rimentations successives tout en mesurant leurs effets sur les performances vis\u00e9es. L&#8217;\u00e9tude des r\u00e9sultats progressifs vous permet d&#8217;ajuster rapidement le cap de votre initiative et de d\u00e9montrer sa contribution aux r\u00e9sultats tant pour les clients que pour l&#8217;entreprise.<\/li>\n<li><strong>Soutenir l&#8217;adoption \u00e0 grande \u00e9chelle dans toute l&#8217;entreprise<br \/>\n<\/strong>Le passage de projets pilotes \u00e0 un d\u00e9ploiement \u00e0 grande \u00e9chelle n\u00e9cessite la mise en \u0153uvre de pratiques compl\u00e9mentaires. Il peut notamment \u00eatre judicieux de mettre en place des <a href=\"https:\/\/sdrefocus.com\/index.php\/vsm-platforms\/\" target=\"_blank\" rel=\"noopener\"><strong>plateformes<\/strong><\/a> communes avec des \u00e9quipes charg\u00e9es de leur cr\u00e9ation et de leur \u00e9volution. Les <strong>communaut\u00e9s de pratique (COP)<\/strong> peuvent \u00e9galement \u00eatre des vecteurs efficaces pour favoriser le partage d&#8217;exp\u00e9riences.<br \/>\nLes <strong>leaders de l&#8217;ing\u00e9nierie et des produits<\/strong> doivent visualiser le\u00a0<strong><a href=\"https:\/\/sdrefocus.com\/index.php\/vsm-network\/\" target=\"_blank\" rel=\"noopener\">value stream network<\/a> <\/strong> avec ses flux de travail et d&#8217;information. Sans cela, les goulots d&#8217;\u00e9tranglement et les ralentissements entre les \u00e9quipes continuent d&#8217;entraver la livraison de <a href=\"https:\/\/sdrefocus.com\/index.php\/value-driven\/\" target=\"_blank\" rel=\"noopener\"><strong>valeur<\/strong>\u00a0<\/a>potentielle aux clients et ont un impact sur les r\u00e9sultats de l&#8217;entreprise.<\/li>\n<\/ol>\n\t\t\t\t<img decoding=\"async\" src=\"https:\/\/sdrefocus.com\/wp-content\/uploads\/2026\/01\/SD-ReFocus-DevOps-Services-Fr-1.png\" alt=\"SD ReFocus - DevOps Services Fr\" itemprop=\"image\" height=\"831\" width=\"1576\" title=\"SD ReFocus - DevOps Services Fr\" onerror=\"this.style.display='none'\" loading=\"lazy\" \/>\n\t<p>Comme mentionn\u00e9 dans la description de <a href=\"https:\/\/sdrefocus.com\/index.php\/approche\/\" target=\"_blank\" rel=\"noopener\"><strong>notre approche<\/strong><\/a>, nos services sont adapt\u00e9s \u00e0 votre contexte et \u00e0 vos objectifs. Ils s&#8217;appuient sur une expertise approfondie en g\u00e9nie logiciel, sur l&#8217;application de ce savoir-faire dans diverses situations et sur des comp\u00e9tences cl\u00e9s en communication et en <a href=\"https:\/\/sdrefocus.com\/index.php\/services-formation\/\" target=\"_blank\" rel=\"noopener\"><strong>formation<\/strong><\/a> afin d&#8217;assurer le succ\u00e8s de telles initiatives.<\/p>\n<h3>\n\t\t\tAu del\u00e0 de la technologie\t<\/h3>\n\t<p>Si les initiatives DevOps sans outils ni pipelines CICD n&#8217;ont aucun sens, leur p\u00e9rim\u00e8tre reste trop souvent limit\u00e9 \u00e0 l&#8217;ing\u00e9nierie technologique et aux r\u00f4les des ing\u00e9nieurs DevOps.<\/p>\n<p>Cependant, les nombreux retours d&#8217;exp\u00e9rience des entreprises et les \u00e9tudes telles que <strong>Accelerate et State of DevOps Reports<\/strong> montrent que leur succ\u00e8s d\u00e9pend principalement de l&#8217;implication de toutes les parties prenantes (m\u00e9tier et informatique), de l&#8217;alignement de l&#8217;initiative sur les imp\u00e9ratifs m\u00e9tier, de l&#8217;engagement de la direction et du d\u00e9veloppement des comp\u00e9tences.<\/p>\n<p>C&#8217;est pourquoi nos services sont <strong>centr\u00e9s sur l&#8217;humain et ax\u00e9s sur la valeur<\/strong>, d\u00e9finissant et mettant en \u0153uvre des am\u00e9liorations dont l&#8217;impact peut \u00eatre mesur\u00e9 et d\u00e9montr\u00e9.<\/p>\n<h3>\n\t\t\tRecommendations\t<\/h3>\n\t<p>&#8220;<i>J&#8217;ai eu le plaisir de travailler avec Patrice qui a aid\u00e9 notre transformation agile et DevOps.<\/i><\/p>\n<p><em>Tr\u00e8s \u00e0 l&#8217;\u00e9coute du besoin du client,<b>\u00a0<\/b>il prend conscience du contexte et des contraintes dans lesquels<b>\u00a0<\/b><\/em><i>doivent s&#8217;inscrire sa mission.&#8221;<\/i><\/p>\n<strong>Florent Barth<br \/>\n<\/strong>Responsable de d\u00e9partement IT\n\t<p>&#8220;<i>J&#8217;ai beaucoup appr\u00e9ci\u00e9 sa fa\u00e7on de m&#8217;accompagner dans un plan de transformation DevOps compliqu\u00e9.<\/i><\/p>\n<p><em>Il a su apporter une vision qui colle \u00e0 la dimension de notre Minist\u00e8re. Je recommande son approche et son expertise dans ce domaine.&#8221;<\/em><\/p>\n<strong>Olivier Thi\u00e9baut<br \/>\n<\/strong>Responsable de projet national DevOps\n\t<p><i>&#8220;Une exp\u00e9rience op\u00e9rationnelle en d\u00e9veloppement doubl\u00e9e du recul m\u00e9thodologique <\/i><i>DevSecOps<\/i><i>, c&#8217;est le cr\u00e9neau de Patrice.<\/i><\/p>\n<p>Nous avons <i>co-publi\u00e9<\/i><i> le livre blanc IBM &#8216;DevOps, et si c&#8217;\u00e9tait vrai ?&#8217; en 2019. Value <\/i><i>stream<\/i><i> mapping, culture DevOps et mise en \u0153uvre\u00a0 n&#8217;ont pas de secrets pour lui !&#8221;<\/i><\/p>\n<strong>Justin Derbyshire<\/strong><br \/>\nChief Digital Officer\n\t<p><i>&#8220;Patrice est un expert DevOps\/ALM et son expertise est essentielle pour gagner la confiance des clients. En plus de cela, Patrice a de tr\u00e8s bonnes comp\u00e9tences d&#8217;\u00e9coute et de communication, qui sont essentielles pour bien comprendre les besoins du client.<\/i><\/p>\n<p>Enfin, Patrice est facile \u00e0 travailler et a un fort esprit d&#8217;\u00e9quipe, de sorte que le travail se fait de fa\u00e7on efficace et professionnelle.&#8221;<\/p>\n<strong>Bertrand Baronnier<\/strong><br \/>\nSoftware Sales Representative\n\t<p><strong>Que vous envisagiez de vous lancer ou que vous ayez d\u00e9j\u00e0 lanc\u00e9 votre initiative DevOps, discutons-en !<\/strong><\/p>\n<p>N&#8217;h\u00e9sitez pas \u00e0\u00a0<strong><a href=\"https:\/\/sdrefocus.com\/index.php\/contact\/\">nous contacter<\/a><\/strong> pour une consultation gratuite afin de discuter de la mani\u00e8re dont nous pouvons vous aider \u00e0 tirer parti de ce type d&#8217;initiatives au sein de votre organisation.<\/p>\n<h3>\n\t\t\tLiens\t<\/h3>\n\t<ul>\n<li>Notre approche DevOps : <a href=\"https:\/\/sdrefocus.com\/index.php\/devops-initiatives-fr\/\" target=\"_blank\" rel=\"noopener\"><strong>D\u00e9bloquez les facteurs cl\u00e9s de succ\u00e8s pour vos initiatives DevOps !<\/strong><\/a><\/li>\n<li>Nos <a href=\"https:\/\/sdrefocus.com\/index.php\/services-formation\/\" target=\"_blank\" rel=\"noopener\"><strong>services de formation<\/strong><\/a><\/li>\n<li>Nos <a href=\"https:\/\/sdrefocus.com\/index.php\/services-vsm\/\" target=\"_blank\" rel=\"noopener\"><strong>ateliers l\u00e9gers de cartographie de cha\u00eene de valeur (VSM)<\/strong><\/a><\/li>\n<li><a href=\"https:\/\/sdrefocus.com\/index.php\/vsm-platforms\/\" target=\"_blank\" rel=\"noopener\"><strong>See Platforms as Value Streams<\/strong><\/a><\/li>\n<li>Consultez nos <a href=\"https:\/\/sdrefocus.com\/index.php\/resources\/\" target=\"_blank\" rel=\"noopener\"><strong>ressources<\/strong><\/a>, notamment nos recommendations et <a href=\"https:\/\/sdrefocus.com\/index.php\/resources\/book-notes\/\" target=\"_blank\" rel=\"noopener\"><strong>notes de lecture<\/strong><\/a> d&#8217;<a href=\"https:\/\/sdrefocus.com\/index.php\/resources\/book-list\/\" target=\"_blank\" rel=\"noopener\"><strong>ouvrages de r\u00e9f\u00e9rence DevOps<\/strong><\/a>, ainsi que de <a href=\"https:\/\/sdrefocus.com\/index.php\/resources\/industry-reports\/\" target=\"_blank\" rel=\"noopener\"><strong>rapports d&#8217;\u00e9tat de l&#8217;art de l&#8217;industrie<\/strong><\/a>.<\/li>\n<\/ul>\n\n","protected":false},"excerpt":{"rendered":"<p>Conseil et coaching DevOps personnalis\u00e9s Conseil pour leaders et \u00e9quipes DevOps Imagine a World Where Dev and Ops Become DevOps &#8220;Imagine a world where product owners, Development, QA, IT Operations, and Infosec work together, not only to help each other, but also to ensure that the overall organization succeeds. By working toward a common goal, [&hellip;]<\/p>\n","protected":false},"author":1,"featured_media":0,"parent":0,"menu_order":0,"comment_status":"closed","ping_status":"closed","template":"","meta":{"om_disable_all_campaigns":false,"_monsterinsights_skip_tracking":false,"_monsterinsights_sitenote_active":false,"_monsterinsights_sitenote_note":"","_monsterinsights_sitenote_category":0,"site-sidebar-layout":"no-sidebar","site-content-layout":"page-builder","ast-site-content-layout":"full-width-container","site-content-style":"unboxed","site-sidebar-style":"unboxed","ast-global-header-display":"","ast-banner-title-visibility":"","ast-main-header-display":"","ast-hfb-above-header-display":"","ast-hfb-below-header-display":"","ast-hfb-mobile-header-display":"","site-post-title":"disabled","ast-breadcrumbs-content":"","ast-featured-img":"disabled","footer-sml-layout":"","theme-transparent-header-meta":"enabled","adv-header-id-meta":"","stick-header-meta":"","header-above-stick-meta":"","header-main-stick-meta":"","header-below-stick-meta":"","astra-migrate-meta-layouts":"set","ast-page-background-enabled":"default","ast-page-background-meta":{"desktop":{"background-color":"","background-image":"","background-repeat":"repeat","background-position":"center center","background-size":"auto","background-attachment":"scroll","background-type":"","background-media":"","overlay-type":"","overlay-color":"","overlay-gradient":""},"tablet":{"background-color":"","background-image":"","background-repeat":"repeat","background-position":"center center","background-size":"auto","background-attachment":"scroll","background-type":"","background-media":"","overlay-type":"","overlay-color":"","overlay-gradient":""},"mobile":{"background-color":"","background-image":"","background-repeat":"repeat","background-position":"center center","background-size":"auto","background-attachment":"scroll","background-type":"","background-media":"","overlay-type":"","overlay-color":"","overlay-gradient":""}},"ast-content-background-meta":{"desktop":{"background-color":"var(--ast-global-color-5)","background-image":"","background-repeat":"repeat","background-position":"center center","background-size":"auto","background-attachment":"scroll","background-type":"","background-media":"","overlay-type":"","overlay-color":"","overlay-gradient":""},"tablet":{"background-color":"var(--ast-global-color-5)","background-image":"","background-repeat":"repeat","background-position":"center center","background-size":"auto","background-attachment":"scroll","background-type":"","background-media":"","overlay-type":"","overlay-color":"","overlay-gradient":""},"mobile":{"background-color":"var(--ast-global-color-5)","background-image":"","background-repeat":"repeat","background-position":"center center","background-size":"auto","background-attachment":"scroll","background-type":"","background-media":"","overlay-type":"","overlay-color":"","overlay-gradient":""}},"footnotes":""},"class_list":["post-3053","page","type-page","status-publish","hentry"],"aioseo_notices":[],"jetpack_sharing_enabled":true,"_links":{"self":[{"href":"https:\/\/sdrefocus.com\/index.php\/wp-json\/wp\/v2\/pages\/3053","targetHints":{"allow":["GET"]}}],"collection":[{"href":"https:\/\/sdrefocus.com\/index.php\/wp-json\/wp\/v2\/pages"}],"about":[{"href":"https:\/\/sdrefocus.com\/index.php\/wp-json\/wp\/v2\/types\/page"}],"author":[{"embeddable":true,"href":"https:\/\/sdrefocus.com\/index.php\/wp-json\/wp\/v2\/users\/1"}],"replies":[{"embeddable":true,"href":"https:\/\/sdrefocus.com\/index.php\/wp-json\/wp\/v2\/comments?post=3053"}],"version-history":[{"count":11,"href":"https:\/\/sdrefocus.com\/index.php\/wp-json\/wp\/v2\/pages\/3053\/revisions"}],"predecessor-version":[{"id":3079,"href":"https:\/\/sdrefocus.com\/index.php\/wp-json\/wp\/v2\/pages\/3053\/revisions\/3079"}],"wp:attachment":[{"href":"https:\/\/sdrefocus.com\/index.php\/wp-json\/wp\/v2\/media?parent=3053"}],"curies":[{"name":"wp","href":"https:\/\/api.w.org\/{rel}","templated":true}]}}